{"id":275,"date":"2018-05-25T14:25:51","date_gmt":"2018-05-25T12:25:51","guid":{"rendered":"http:\/\/microfinance.tresor.gouv.ci\/micro\/?page_id=275"},"modified":"2018-07-20T15:39:40","modified_gmt":"2018-07-20T13:39:40","slug":"arretes-du-ministere-charge-des-finances","status":"publish","type":"page","link":"https:\/\/microfinance.tresor.gouv.ci\/micro\/arretes-du-ministere-charge-des-finances\/","title":{"rendered":"Arr\u00eat\u00e9s du Minist\u00e8re Charg\u00e9 des Finances"},"content":{"rendered":"<div id='wpt-table-1777126282346' class='jsgrid-theme-green'><\/div><script type='text\/javascript'>(function() {function createTable() {if (window.wpt) {window.wpt.createTable({\"_id_div\":\"wpt-table-1777126282346\",\"_ctrl_url\":\"https:\\\/\\\/microfinance.tresor.gouv.ci\\\/micro\\\/wp-admin\\\/admin-ajax.php?action=wpt_load_data&amp;table=572&amp;_wpnonce=e38febb7b8\",\"width\":\"100%\",\"height\":null,\"sorting\":true,\"selecting\":true,\"heading\":true,\"paging\":true,\"pageSize\":\"20\",\"autoload\":true,\"fields\":[{\"name\":\"f0\",\"title\":\"ARR\\u00caT\\u00c9S DU MINISTRE DE L\\u2019\\u00c9CONOMIE ET DES FINANCES SP\\u00c9CIFIQUES A LA DIRECTION DES SYST\\u00c8MES FINANCIERS DECENTRALIS\\u00c9S\",\"type\":\"text\",\"visible\":true,\"format\":\"\",\"currency_symbol\":\"\"},{\"name\":\"f1\",\"title\":\"VOIR\\\/T\\u00c9L\\u00c9CHARGER \",\"type\":\"text\",\"visible\":true,\"width\":\"50\",\"format\":\"\",\"currency_symbol\":\"\"}]});} else {setTimeout(createTable, 100);}}createTable();})();<\/script><\/br><br \/>\n<div id='wpt-table-1777126282540' class='jsgrid-theme-green'><\/div><script type='text\/javascript'>(function() {function createTable() {if (window.wpt) {window.wpt.createTable({\"_id_div\":\"wpt-table-1777126282540\",\"_ctrl_url\":\"https:\\\/\\\/microfinance.tresor.gouv.ci\\\/micro\\\/wp-admin\\\/admin-ajax.php?action=wpt_load_data&amp;table=573&amp;_wpnonce=9d2f2d1bd8\",\"width\":\"100%\",\"height\":null,\"sorting\":true,\"selecting\":true,\"heading\":true,\"paging\":true,\"pageSize\":\"20\",\"autoload\":true,\"fields\":[{\"name\":\"f0\",\"title\":\"ARR\\u00caT\\u00c9S DU MINISTRE DE L\\u2019\\u00c9CONOMIE ET DES FINANCES SP\\u00c9CIFIQUES AUX INSTITUTIONS MUTUALISTES OU COOP\\u00c9RATIVES D\\u2019\\u00c9PARGNE ET DE CR\\u00c9DITS (IMCEC)\",\"type\":\"text\",\"visible\":true,\"format\":\"\",\"currency_symbol\":\"\"},{\"name\":\"f1\",\"title\":\"VOIR\\\/T\\u00c9L\\u00c9CHARGER\",\"type\":\"text\",\"visible\":true,\"width\":\"50\",\"format\":\"\",\"currency_symbol\":\"\"}]});} else {setTimeout(createTable, 100);}}createTable();})();<\/script><\/br><br \/>\n<div id='wpt-table-1777126282415' class='jsgrid-theme-green'><\/div><script type='text\/javascript'>(function() {function createTable() {if (window.wpt) {window.wpt.createTable({\"_id_div\":\"wpt-table-1777126282415\",\"_ctrl_url\":\"https:\\\/\\\/microfinance.tresor.gouv.ci\\\/micro\\\/wp-admin\\\/admin-ajax.php?action=wpt_load_data&amp;table=574&amp;_wpnonce=562d5ed38a\",\"width\":\"100%\",\"height\":null,\"sorting\":true,\"selecting\":true,\"heading\":true,\"paging\":true,\"pageSize\":\"20\",\"autoload\":true,\"fields\":[{\"name\":\"f0\",\"title\":\"ARR\\u00caT\\u00c9S DU MINISTRE DE L\\u2019\\u00c9CONOMIE ET DES FINANCES SP\\u00c9CIFIQUES AUX INSTITUTIONS NON MUTUALISTES\",\"type\":\"text\",\"visible\":true,\"format\":\"\",\"currency_symbol\":\"\"},{\"name\":\"f1\",\"title\":\"VOIR\\\/T\\u00c9L\\u00c9CHARGER\",\"type\":\"text\",\"visible\":true,\"width\":\"50\",\"format\":\"\",\"currency_symbol\":\"\"}]});} else {setTimeout(createTable, 100);}}createTable();})();<\/script><\/br><br \/>\n<div id='wpt-table-1777126282479' class='jsgrid-theme-green'><\/div><script type='text\/javascript'>(function() {function createTable() {if (window.wpt) {window.wpt.createTable({\"_id_div\":\"wpt-table-1777126282479\",\"_ctrl_url\":\"https:\\\/\\\/microfinance.tresor.gouv.ci\\\/micro\\\/wp-admin\\\/admin-ajax.php?action=wpt_load_data&amp;table=575&amp;_wpnonce=cf04da7292\",\"width\":\"100%\",\"height\":null,\"sorting\":true,\"selecting\":true,\"heading\":true,\"paging\":true,\"pageSize\":\"20\",\"autoload\":true,\"fields\":[{\"name\":\"f0\",\"title\":\"ARR\\u00caT\\u00c9S DU MINISTRE DE L\\u2019\\u00c9CONOMIE ET DES FINANCES COMMUNS A TOUS LES SYST\\u00c8MES FINANCIERS DECENTRALIS\\u00c9S\",\"type\":\"text\",\"visible\":true,\"format\":\"\",\"currency_symbol\":\"\"},{\"name\":\"f1\",\"title\":\"VOIR\\\/T\\u00c9L\\u00c9CHARGER\",\"type\":\"text\",\"visible\":true,\"width\":\"50\",\"format\":\"\",\"currency_symbol\":\"\"}]});} else {setTimeout(createTable, 100);}}createTable();})();<\/script>\n","protected":false},"excerpt":{"rendered":"","protected":false},"author":2,"featured_media":0,"parent":0,"menu_order":0,"comment_status":"closed","ping_status":"closed","template":"","meta":{"footnotes":""},"class_list":["post-275","page","type-page","status-publish","hentry"],"_links":{"self":[{"href":"https:\/\/microfinance.tresor.gouv.ci\/micro\/wp-json\/wp\/v2\/pages\/275","targetHints":{"allow":["GET"]}}],"collection":[{"href":"https:\/\/microfinance.tresor.gouv.ci\/micro\/wp-json\/wp\/v2\/pages"}],"about":[{"href":"https:\/\/microfinance.tresor.gouv.ci\/micro\/wp-json\/wp\/v2\/types\/page"}],"author":[{"embeddable":true,"href":"https:\/\/microfinance.tresor.gouv.ci\/micro\/wp-json\/wp\/v2\/users\/2"}],"replies":[{"embeddable":true,"href":"https:\/\/microfinance.tresor.gouv.ci\/micro\/wp-json\/wp\/v2\/comments?post=275"}],"version-history":[{"count":5,"href":"https:\/\/microfinance.tresor.gouv.ci\/micro\/wp-json\/wp\/v2\/pages\/275\/revisions"}],"predecessor-version":[{"id":578,"href":"https:\/\/microfinance.tresor.gouv.ci\/micro\/wp-json\/wp\/v2\/pages\/275\/revisions\/578"}],"wp:attachment":[{"href":"https:\/\/microfinance.tresor.gouv.ci\/micro\/wp-json\/wp\/v2\/media?parent=275"}],"curies":[{"name":"wp","href":"https:\/\/api.w.org\/{rel}","templated":true}]}}