{"id":249,"date":"2018-05-24T19:12:59","date_gmt":"2018-05-24T17:12:59","guid":{"rendered":"http:\/\/microfinance.tresor.gouv.ci\/micro\/?page_id=249"},"modified":"2026-03-12T16:19:27","modified_gmt":"2026-03-12T15:19:27","slug":"liste-des-systemes-financiers-decentralisees-agrees","status":"publish","type":"page","link":"https:\/\/microfinance.tresor.gouv.ci\/micro\/liste-des-systemes-financiers-decentralisees-agrees\/","title":{"rendered":"Liste des Syst\u00e8mes financiers D\u00e9centralis\u00e9es agr\u00e9es"},"content":{"rendered":"<iframe loading=\"lazy\" class=\"pdfjs-viewer\" width=\"1280px\" height=\"800px\" src=\"https:\/\/microfinance.tresor.gouv.ci\/micro\/wp-content\/plugins\/pdf-viewer\/stable\/web\/viewer.html?file=https:\/\/microfinance.tresor.gouv.ci\/micro\/wp-content\/uploads\/2026\/03\/LISTE-DES-SFD-AGREES-AU-31-decembre-2025.pdf\"><\/iframe> \n","protected":false},"excerpt":{"rendered":"","protected":false},"author":2,"featured_media":0,"parent":0,"menu_order":0,"comment_status":"closed","ping_status":"closed","template":"","meta":{"footnotes":""},"class_list":["post-249","page","type-page","status-publish","hentry"],"_links":{"self":[{"href":"https:\/\/microfinance.tresor.gouv.ci\/micro\/wp-json\/wp\/v2\/pages\/249","targetHints":{"allow":["GET"]}}],"collection":[{"href":"https:\/\/microfinance.tresor.gouv.ci\/micro\/wp-json\/wp\/v2\/pages"}],"about":[{"href":"https:\/\/microfinance.tresor.gouv.ci\/micro\/wp-json\/wp\/v2\/types\/page"}],"author":[{"embeddable":true,"href":"https:\/\/microfinance.tresor.gouv.ci\/micro\/wp-json\/wp\/v2\/users\/2"}],"replies":[{"embeddable":true,"href":"https:\/\/microfinance.tresor.gouv.ci\/micro\/wp-json\/wp\/v2\/comments?post=249"}],"version-history":[{"count":34,"href":"https:\/\/microfinance.tresor.gouv.ci\/micro\/wp-json\/wp\/v2\/pages\/249\/revisions"}],"predecessor-version":[{"id":1654,"href":"https:\/\/microfinance.tresor.gouv.ci\/micro\/wp-json\/wp\/v2\/pages\/249\/revisions\/1654"}],"wp:attachment":[{"href":"https:\/\/microfinance.tresor.gouv.ci\/micro\/wp-json\/wp\/v2\/media?parent=249"}],"curies":[{"name":"wp","href":"https:\/\/api.w.org\/{rel}","templated":true}]}}