{"id":182,"date":"2018-05-24T15:21:13","date_gmt":"2018-05-24T13:21:13","guid":{"rendered":"http:\/\/microfinance.tresor.gouv.ci\/micro\/?page_id=182"},"modified":"2019-09-05T18:54:28","modified_gmt":"2019-09-05T16:54:28","slug":"contactez-nous","status":"publish","type":"page","link":"https:\/\/microfinance.tresor.gouv.ci\/micro\/contactez-nous\/","title":{"rendered":"Contactez-Nous"},"content":{"rendered":"<h2>Formulaire de contact<\/h2>\n<div class=\"wpforms-container wpforms-container-full\" id=\"wpforms-934\"><form id=\"wpforms-form-934\" class=\"wpforms-validate wpforms-form\" data-formid=\"934\" method=\"post\" enctype=\"multipart\/form-data\" action=\"\/micro\/wp-json\/wp\/v2\/pages\/182\"><div class=\"wpforms-field-container\"><div id=\"wpforms-934-field_0-container\" class=\"wpforms-field wpforms-field-name\" data-field-id=\"0\"><label class=\"wpforms-field-label\" for=\"wpforms-934-field_0\">Nom &amp; Pr\u00e9noms <span class=\"wpforms-required-label\">*<\/span><\/label><input type=\"text\" id=\"wpforms-934-field_0\" class=\"wpforms-field-large wpforms-field-required\" name=\"wpforms[fields][0]\" required><\/div><div id=\"wpforms-934-field_1-container\" class=\"wpforms-field wpforms-field-email wpforms-one-half wpforms-first\" data-field-id=\"1\"><label class=\"wpforms-field-label\" for=\"wpforms-934-field_1\">Email <span class=\"wpforms-required-label\">*<\/span><\/label><input type=\"email\" id=\"wpforms-934-field_1\" class=\"wpforms-field-large wpforms-field-required\" name=\"wpforms[fields][1]\" required><\/div><div id=\"wpforms-934-field_3-container\" class=\"wpforms-field wpforms-field-phone wpforms-one-half\" data-field-id=\"3\"><label class=\"wpforms-field-label\" for=\"wpforms-934-field_3\">T\u00e9l\u00e9phone<\/label><input type=\"tel\" id=\"wpforms-934-field_3\" class=\"wpforms-field-large\" name=\"wpforms[fields][3]\" ><\/div><div id=\"wpforms-934-field_5-container\" class=\"wpforms-field wpforms-field-select wpforms-one-half wpforms-first\" data-field-id=\"5\"><label class=\"wpforms-field-label\" for=\"wpforms-934-field_5\">Pays<\/label><select name=\"wpforms[fields][5]\" id=\"wpforms-934-field_5\" class=\"wpforms-field-large\" ><option value=\"C\u00f4te d\u2019Ivoire\" >C\u00f4te d\u2019Ivoire<\/option><option value=\"Afrique du Sud\" >Afrique du Sud<\/option><option value=\"Afghanistan\" >Afghanistan<\/option><option value=\"Albanie\" >Albanie<\/option><option value=\"Alg\u00e9rie\" >Alg\u00e9rie<\/option><option value=\"Allemagne\" >Allemagne<\/option><option value=\"Andorre\" >Andorre<\/option><option value=\"Angola\" >Angola<\/option><option value=\"Antigua-et-Barbuda\" >Antigua-et-Barbuda<\/option><option value=\"Arabie Saoudite\" >Arabie Saoudite<\/option><option value=\"Argentine\" >Argentine<\/option><option value=\"Arm\u00e9nie\" >Arm\u00e9nie<\/option><option value=\"Australie\" >Australie<\/option><option value=\"Autriche\" >Autriche<\/option><option value=\"Azerba\u00efdjan\" >Azerba\u00efdjan<\/option><option value=\"Bahamas\" >Bahamas<\/option><option value=\"Bahre\u00efn\" >Bahre\u00efn<\/option><option value=\"Bangladesh\" >Bangladesh<\/option><option value=\"Barbade\" >Barbade<\/option><option value=\"Belgique\" >Belgique<\/option><option value=\"Belize\" >Belize<\/option><option value=\"B\u00e9nin\" >B\u00e9nin<\/option><option value=\"Bhoutan\" >Bhoutan<\/option><option value=\"Bi\u00e9lorussie\" >Bi\u00e9lorussie<\/option><option value=\"Birmanie\" >Birmanie<\/option><option value=\"Bolivie\" >Bolivie<\/option><option value=\"Bosnie-Herz\u00e9govine\" >Bosnie-Herz\u00e9govine<\/option><option value=\"Botswana\" >Botswana<\/option><option value=\"Br\u00e9sil\" >Br\u00e9sil<\/option><option value=\"Brunei\" >Brunei<\/option><option value=\"Bulgarie\" >Bulgarie<\/option><option value=\"Burkina Faso\" >Burkina Faso<\/option><option value=\"Burundi\" >Burundi<\/option><option value=\"Cambodge\" >Cambodge<\/option><option value=\"Cameroun\" >Cameroun<\/option><option value=\"Canada\" >Canada<\/option><option value=\"Cap-Vert\" >Cap-Vert<\/option><option value=\"Chili\" >Chili<\/option><option value=\"Chine\" >Chine<\/option><option value=\"Chypre\" >Chypre<\/option><option value=\"Colombie\" >Colombie<\/option><option value=\"Comores\" >Comores<\/option><option value=\"Cor\u00e9e du Nord\" >Cor\u00e9e du Nord<\/option><option value=\"Cor\u00e9e du Sud\" >Cor\u00e9e du Sud<\/option><option value=\"Costa Rica\" >Costa Rica<\/option><option value=\"C\u00f4te d\u2019Ivoire\" >C\u00f4te d\u2019Ivoire<\/option><option value=\"Croatie\" >Croatie<\/option><option value=\"Cuba\" >Cuba<\/option><option value=\"Danemark\" >Danemark<\/option><option value=\"Djibouti\" >Djibouti<\/option><option value=\"Dominique\" >Dominique<\/option><option value=\"\u00c9gypte\" >\u00c9gypte<\/option><option value=\"\u00c9mirats arabes unis\" >\u00c9mirats arabes unis<\/option><option value=\"\u00c9quateur\" >\u00c9quateur<\/option><option value=\"\u00c9rythr\u00e9e\" >\u00c9rythr\u00e9e<\/option><option value=\"Espagne\" >Espagne<\/option><option value=\"Eswatini\" >Eswatini<\/option><option value=\"Estonie\" >Estonie<\/option><option value=\"\u00c9tats-Unis\" >\u00c9tats-Unis<\/option><option value=\"\u00c9thiopie\" >\u00c9thiopie<\/option><option value=\"Fidji\" >Fidji<\/option><option value=\"Finlande\" >Finlande<\/option><option value=\"France\" >France<\/option><option value=\"Gabon\" >Gabon<\/option><option value=\"Gambie\" >Gambie<\/option><option value=\"G\u00e9orgie\" >G\u00e9orgie<\/option><option value=\"Ghana\" >Ghana<\/option><option value=\"Gr\u00e8ce\" >Gr\u00e8ce<\/option><option value=\"Grenade\" >Grenade<\/option><option value=\"Guatemala\" >Guatemala<\/option><option value=\"Guin\u00e9e\" >Guin\u00e9e<\/option><option value=\"Guin\u00e9e \u00e9quatoriale\" >Guin\u00e9e \u00e9quatoriale<\/option><option value=\"Guin\u00e9e-Bissau\" >Guin\u00e9e-Bissau<\/option><option value=\"Guyana\" >Guyana<\/option><option value=\"Ha\u00efti\" >Ha\u00efti<\/option><option value=\"Honduras\" >Honduras<\/option><option value=\"Hongrie\" >Hongrie<\/option><option value=\"\u00celes Cook\" >\u00celes Cook<\/option><option value=\"\u00celes Marshall\" >\u00celes Marshall<\/option><option value=\"Inde\" >Inde<\/option><option value=\"Indon\u00e9sie\" >Indon\u00e9sie<\/option><option value=\"Irak\" >Irak<\/option><option value=\"Iran\" >Iran<\/option><option value=\"Irlande\" >Irlande<\/option><option value=\"Islande\" >Islande<\/option><option value=\"Isra\u00ebl\" >Isra\u00ebl<\/option><option value=\"Italie\" >Italie<\/option><option value=\"Jama\u00efque\" >Jama\u00efque<\/option><option value=\"Japon\" >Japon<\/option><option value=\"Jordanie\" >Jordanie<\/option><option value=\"Kazakhstan\" >Kazakhstan<\/option><option value=\"Kenya\" >Kenya<\/option><option value=\"Kirghizistan\" >Kirghizistan<\/option><option value=\"Kiribati\" >Kiribati<\/option><option value=\"Kowe\u00eft\" >Kowe\u00eft<\/option><option value=\"Laos\" >Laos<\/option><option value=\"Lesotho\" >Lesotho<\/option><option value=\"Lettonie\" >Lettonie<\/option><option value=\"Liban\" >Liban<\/option><option value=\"Liberia\" >Liberia<\/option><option value=\"Libye\" >Libye<\/option><option value=\"Liechtenstein\" >Liechtenstein<\/option><option value=\"Lituanie\" >Lituanie<\/option><option value=\"Luxembourg\" >Luxembourg<\/option><option value=\"Mac\u00e9doine\" >Mac\u00e9doine<\/option><option value=\"Madagascar\" >Madagascar<\/option><option value=\"Malaisie\" >Malaisie<\/option><option value=\"Malawi\" >Malawi<\/option><option value=\"Maldives\" >Maldives<\/option><option value=\"Mali\" >Mali<\/option><option value=\"Malte\" >Malte<\/option><option value=\"Maroc\" >Maroc<\/option><option value=\"Maurice\" >Maurice<\/option><option value=\"Mauritanie\" >Mauritanie<\/option><option value=\"Mexique\" >Mexique<\/option><option value=\"Micron\u00e9sie\" >Micron\u00e9sie<\/option><option value=\"Moldavie\" >Moldavie<\/option><option value=\"Monaco\" >Monaco<\/option><option value=\"Mongolie\" >Mongolie<\/option><option value=\"Mont\u00e9n\u00e9gro\" >Mont\u00e9n\u00e9gro<\/option><option value=\"Mozambique\" >Mozambique<\/option><option value=\"Namibie\" >Namibie<\/option><option value=\"Nauru\" >Nauru<\/option><option value=\"N\u00e9pal\" >N\u00e9pal<\/option><option value=\"Nicaragua\" >Nicaragua<\/option><option value=\"Niger\" >Niger<\/option><option value=\"Nigeria\" >Nigeria<\/option><option value=\"Niue\" >Niue<\/option><option value=\"Norv\u00e8ge\" >Norv\u00e8ge<\/option><option value=\"Nouvelle-Z\u00e9lande\" >Nouvelle-Z\u00e9lande<\/option><option value=\"Oman\" >Oman<\/option><option value=\"Ouganda\" >Ouganda<\/option><option value=\"Ouzb\u00e9kistan\" >Ouzb\u00e9kistan<\/option><option value=\"Pakistan\" >Pakistan<\/option><option value=\"Palaos\" >Palaos<\/option><option value=\"Palestine\" >Palestine<\/option><option value=\"Panama\" >Panama<\/option><option value=\"Papouasie-Nouvelle-Guin\u00e9e\" >Papouasie-Nouvelle-Guin\u00e9e<\/option><option value=\"Paraguay\" >Paraguay<\/option><option value=\"Pays-Bas\" >Pays-Bas<\/option><option value=\"P\u00e9rou\" >P\u00e9rou<\/option><option value=\"Philippines\" >Philippines<\/option><option value=\"Pologne\" >Pologne<\/option><option value=\"Portugal\" >Portugal<\/option><option value=\"Qatar\" >Qatar<\/option><option value=\"R\u00e9publique centrafricaine\" >R\u00e9publique centrafricaine<\/option><option value=\"R\u00e9publique d\u00e9mocratique du Congo\" >R\u00e9publique d\u00e9mocratique du Congo<\/option><option value=\"R\u00e9publique Dominicaine\" >R\u00e9publique Dominicaine<\/option><option value=\"R\u00e9publique du Congo\" >R\u00e9publique du Congo<\/option><option value=\"R\u00e9publique tch\u00e8que\" >R\u00e9publique tch\u00e8que<\/option><option value=\"Roumanie\" >Roumanie<\/option><option value=\"Royaume-Uni\" >Royaume-Uni<\/option><option value=\"Russie\" >Russie<\/option><option value=\"Rwanda\" >Rwanda<\/option><option value=\"Saint-Kitts-et-Nevis\" >Saint-Kitts-et-Nevis<\/option><option value=\"Saint-Vincent-et-les-Grenadines\" >Saint-Vincent-et-les-Grenadines<\/option><option value=\"Sainte-Lucie\" >Sainte-Lucie<\/option><option value=\"Saint-Marin\" >Saint-Marin<\/option><option value=\"Salomon\" >Salomon<\/option><option value=\"Salvador\" >Salvador<\/option><option value=\"Samoa\" >Samoa<\/option><option value=\"S\u00e3o Tom\u00e9-et-Principe\" >S\u00e3o Tom\u00e9-et-Principe<\/option><option value=\"S\u00e9n\u00e9gal\" >S\u00e9n\u00e9gal<\/option><option value=\"Serbie\" >Serbie<\/option><option value=\"Seychelles\" >Seychelles<\/option><option value=\"Sierra Leone\" >Sierra Leone<\/option><option value=\"Singapour\" >Singapour<\/option><option value=\"Slovaquie\" >Slovaquie<\/option><option value=\"Slov\u00e9nie\" >Slov\u00e9nie<\/option><option value=\"Somalie\" >Somalie<\/option><option value=\"Soudan\" >Soudan<\/option><option value=\"Soudan du Sud\" >Soudan du Sud<\/option><option value=\"Sri Lanka\" >Sri Lanka<\/option><option value=\"Su\u00e8de\" >Su\u00e8de<\/option><option value=\"Suisse\" >Suisse<\/option><option value=\"Suriname\" >Suriname<\/option><option value=\"Syrie\" >Syrie<\/option><option value=\"Tadjikistan\" >Tadjikistan<\/option><option value=\"Tanzanie\" >Tanzanie<\/option><option value=\"Tchad\" >Tchad<\/option><option value=\"Tha\u00eflande\" >Tha\u00eflande<\/option><option value=\"Timor oriental\" >Timor oriental<\/option><option value=\"Togo\" >Togo<\/option><option value=\"Tonga\" >Tonga<\/option><option value=\"Trinit\u00e9-et-Tobago\" >Trinit\u00e9-et-Tobago<\/option><option value=\"Tunisie\" >Tunisie<\/option><option value=\"Turkm\u00e9nistan\" >Turkm\u00e9nistan<\/option><option value=\"Turquie\" >Turquie<\/option><option value=\"Tuvalu\" >Tuvalu<\/option><option value=\"Ukraine\" >Ukraine<\/option><option value=\"Uruguay\" >Uruguay<\/option><option value=\"Vanuatu\" >Vanuatu<\/option><option value=\"Vatican\" >Vatican<\/option><option value=\"Venezuela\" >Venezuela<\/option><option value=\"Vi\u00eat Nam\" >Vi\u00eat Nam<\/option><option value=\"Y\u00e9men\" >Y\u00e9men<\/option><option value=\"Zambie\" >Zambie<\/option><option value=\"Zimbabwe\" >Zimbabwe<\/option><\/select><\/div><div id=\"wpforms-934-field_4-container\" class=\"wpforms-field wpforms-field-text wpforms-one-half\" data-field-id=\"4\"><label class=\"wpforms-field-label\" for=\"wpforms-934-field_4\">Objet de votre message<\/label><input type=\"text\" id=\"wpforms-934-field_4\" class=\"wpforms-field-large\" name=\"wpforms[fields][4]\" ><\/div><div id=\"wpforms-934-field_2-container\" class=\"wpforms-field wpforms-field-textarea\" data-field-id=\"2\"><label class=\"wpforms-field-label\" for=\"wpforms-934-field_2\">Message <span class=\"wpforms-required-label\">*<\/span><\/label><textarea id=\"wpforms-934-field_2\" class=\"wpforms-field-large wpforms-field-required\" name=\"wpforms[fields][2]\" required><\/textarea><\/div><\/div><div class=\"wpforms-field wpforms-field-hp\"><label for=\"wpforms-field_hp\" class=\"wpforms-field-label\">Message<\/label><input type=\"text\" name=\"wpforms[hp]\" id=\"wpforms-field_hp\" class=\"wpforms-field-medium\"><\/div><div class=\"wpforms-recaptcha-container\" ><div class=\"g-recaptcha\" data-sitekey=\"6LfilPUUAAAAAGeh4JplwhuOkNw1oKnmLGvV29HT\"><\/div><input type=\"text\" name=\"g-recaptcha-hidden\" class=\"wpforms-recaptcha-hidden\" style=\"position:absolute!important;clip:rect(0,0,0,0)!important;height:1px!important;width:1px!important;border:0!important;overflow:hidden!important;padding:0!important;margin:0!important;\" required><\/div><div class=\"wpforms-submit-container\" ><input type=\"hidden\" name=\"wpforms[id]\" value=\"934\"><input type=\"hidden\" name=\"wpforms[author]\" value=\"2\"><button type=\"submit\" name=\"wpforms[submit]\" class=\"wpforms-submit \" id=\"wpforms-submit-934\" value=\"wpforms-submit\" data-alt-text=\"Patientez...\">Envoyer votre message<\/button><\/div><\/form><\/div>\n<h3>\n\t\t\t\t\tSi\u00e8ge<br \/>\n\t\t\t\t<\/h3>\n<p>Abidjan Plateau \u2013 Avenue Jessie Owens \u2013 Ex-Ambassade des USA, RDC<\/p>\n<h3>\n\t\t\t\t\tT\u00e9l\u00e9phone<br \/>\n\t\t\t\t<\/h3>\n<p>(00225) 20 25 38 35 <\/p>\n<h3>\n\t\t\t\t\tEmail<br \/>\n\t\t\t\t<\/h3>\n<p>drssfd@tresor.gouv.ci<\/p>\n<p>\t\t\t<iframe frameborder=\"0\" scrolling=\"no\" marginheight=\"0\" marginwidth=\"0\" src=\"https:\/\/maps.google.com\/maps?q=Direction%20G%C3%A9n%C3%A9rale%20Du%20Tr%C3%A9sor%20Et%20De%20La%20Comptabilit%C3%A9%20Publique&amp;t=m&amp;z=18&amp;output=embed&amp;iwloc=near\" aria-label=\"Direction G\u00e9n\u00e9rale Du Tr\u00e9sor Et De La Comptabilit\u00e9 Publique\"><\/iframe><\/p>\n","protected":false},"excerpt":{"rendered":"<p>Formulaire de contact Si\u00e8ge Abidjan Plateau \u2013 Avenue Jessie Owens \u2013 Ex-Ambassade des USA, RDC T\u00e9l\u00e9phone (00225) 20 25 38 35 Email drssfd@tresor.gouv.ci<\/p>\n","protected":false},"author":2,"featured_media":0,"parent":0,"menu_order":0,"comment_status":"closed","ping_status":"closed","template":"","meta":{"footnotes":""},"class_list":["post-182","page","type-page","status-publish","hentry"],"_links":{"self":[{"href":"https:\/\/microfinance.tresor.gouv.ci\/micro\/wp-json\/wp\/v2\/pages\/182","targetHints":{"allow":["GET"]}}],"collection":[{"href":"https:\/\/microfinance.tresor.gouv.ci\/micro\/wp-json\/wp\/v2\/pages"}],"about":[{"href":"https:\/\/microfinance.tresor.gouv.ci\/micro\/wp-json\/wp\/v2\/types\/page"}],"author":[{"embeddable":true,"href":"https:\/\/microfinance.tresor.gouv.ci\/micro\/wp-json\/wp\/v2\/users\/2"}],"replies":[{"embeddable":true,"href":"https:\/\/microfinance.tresor.gouv.ci\/micro\/wp-json\/wp\/v2\/comments?post=182"}],"version-history":[{"count":46,"href":"https:\/\/microfinance.tresor.gouv.ci\/micro\/wp-json\/wp\/v2\/pages\/182\/revisions"}],"predecessor-version":[{"id":936,"href":"https:\/\/microfinance.tresor.gouv.ci\/micro\/wp-json\/wp\/v2\/pages\/182\/revisions\/936"}],"wp:attachment":[{"href":"https:\/\/microfinance.tresor.gouv.ci\/micro\/wp-json\/wp\/v2\/media?parent=182"}],"curies":[{"name":"wp","href":"https:\/\/api.w.org\/{rel}","templated":true}]}}