{"id":174,"date":"2018-05-24T15:12:12","date_gmt":"2018-05-24T13:12:12","guid":{"rendered":"http:\/\/microfinance.tresor.gouv.ci\/micro\/?page_id=174"},"modified":"2024-01-25T14:00:26","modified_gmt":"2024-01-25T13:00:26","slug":"presentation-des-services","status":"publish","type":"page","link":"https:\/\/microfinance.tresor.gouv.ci\/micro\/presentation-des-services\/","title":{"rendered":"Pr\u00e9sentation des Services"},"content":{"rendered":"<p><strong>La Sous-Direction des Agr\u00e9ments (SDA)<\/strong><\/p>\n<p>La SDA est la porte d\u2019entr\u00e9e du secteur, elle est charg\u00e9e de d\u00e9livrer des agr\u00e9ments \u00e0 toute entit\u00e9 souhaitant exercer une activit\u00e9 de microfinance conforme \u00e0 la r\u00e9glementation, de veiller au respect de ces autorisations et enfin de retirer ces agr\u00e9ments d\u00e8s lors que l\u2019institution n\u2019est plus viable.<br \/>\nElle comprend trois (3) services :<\/p>\n<ul>\n<li><strong> \u00a0Le Service d\u2019Autorisation d\u2019Exercer<\/strong><br \/>\nCe service a en charge :<\/li>\n<li>la r\u00e9ception et l\u2019examen du dossier de demande d\u2019agr\u00e9ment ;<\/li>\n<li>la v\u00e9rification de la conformit\u00e9 \u00e0 la r\u00e9glementation des pi\u00e8ces ou documents produits ;<\/li>\n<li>la d\u00e9livrance au promoteur du r\u00e9c\u00e9piss\u00e9 valant accus\u00e9 de r\u00e9ception ;<\/li>\n<li>le rejet de la demande d\u2019agr\u00e9ment en cas de non production des pi\u00e8ces requises ;<\/li>\n<li>la r\u00e9daction de notes de synth\u00e8se avec un avis motiv\u00e9 \u00e0 l\u2019attention de la commission nationale pour la microfinance (CNM) ;<\/li>\n<li>la r\u00e9daction des projets d\u2019arr\u00eat\u00e9 ou des lettres de rejet.<\/li>\n<li><strong> \u00a0Le Service Contr\u00f4le des Autorisations d\u2019Exercer et du Suivi des Liquidations<\/strong><br \/>\nCe service a en charge :<\/li>\n<li>l\u2019\u00e9laboration et la validation du programme de fermeture des structures de microfinance ;<\/li>\n<li>la r\u00e9daction des courriers de sollicitation des forces de l\u2019ordre ;<\/li>\n<li>la r\u00e9daction du proc\u00e8s-verbal de fermeture ou de r\u00e9ouverture de caisses.<\/li>\n<li><strong> \u00a0Le Service R\u00e9glementation et Contentieux<\/strong><br \/>\nLe Service R\u00e9glementation et Contentieux est en relation avec tous les processus de la direction, d\u2019o\u00f9 sa caract\u00e9ristique transversale. Le service a pour mission principale de faire appliquer la r\u00e9glementation et la faire respecter par tous les services de la direction, afin de leur inculquer de bonnes pratiques de gestion. Il travaille \u00e9galement en collaboration concomitante avec l\u2019Agence Judiciaire du Tr\u00e9sor (AJT) et la Commission Nationale pour la Microfinance (CNM).<\/li>\n<\/ul>\n<p><strong>La Sous-Direction de la Surveillance de la Gestion (SDSG)<\/strong><\/p>\n<p>La SDSG organise la pr\u00e9paration des missions sur place. Elle s\u2019occupe \u00e9galement de la r\u00e9ception et de l\u2019analyse des rapports de contr\u00f4le interne et du suivi des structures en difficult\u00e9 pour lesquelles un processus de redressement est entam\u00e9.<br \/>\nElle comprend \u00e9galement trois (3) services :<br \/>\n<strong>\u00a0 \u00a0 \u00a0\u2022\u00a0\u00a0 \u00a0Le Service Contr\u00f4le sur Pi\u00e8ce et Suivi Permanent des SFD<\/strong><br \/>\nIl a pour r\u00f4le de :<\/p>\n<ul>\n<li>suivre la mise en \u0153uvre des programmes de contr\u00f4le interne des SFD ;<\/li>\n<li>faire l\u2019examen des rapports de contr\u00f4le interne transmis par les SFD et de suivre la mise en \u0153uvre des recommandations issues de ces contr\u00f4les ;<\/li>\n<li>faire la production p\u00e9riodique d\u2019un rapport de synth\u00e8se sur le contr\u00f4le interne des SFD \u00e0 l\u2019attention des autorit\u00e9s des tutelles.<\/li>\n<li><strong> \u00a0Le Service Suivi Permanent des SFD en Redressement<\/strong><br \/>\nCe service a en charge :<\/li>\n<li>l\u2019examen des rapports de mise en \u0153uvre des recommandations et injonctions de la tutelle, produits par les SFD ;<\/li>\n<li>le suivi de la mise\u00a0 en \u0153uvre des plans de redressement des SFD en difficult\u00e9 ;<\/li>\n<li>la proposition de mesures en vue de redressement des SFD ;<\/li>\n<li>le suivi de la mise en \u0153uvre des surveillances rapproch\u00e9es et des administrations provisoires des SFD ;<\/li>\n<li>la r\u00e9daction du projet de termes de r\u00e9f\u00e9rences de la mission de l\u2019Administrateur Provisoire (AP) ;<\/li>\n<li>le suivi du processus de d\u00e9signation ;<\/li>\n<li>l\u2019examen des rapports d\u2019\u00e9tape des Administrateurs Provisoires ;<\/li>\n<li>le suivi de l\u2019ex\u00e9cution de la mission de l\u2019Administrateur Provisoire ;<\/li>\n<li>l\u2019\u00e9valuation du SFD au terme de l\u2019Administrateur Provisoire ou de la surveillance rapproch\u00e9e.<\/li>\n<li><strong> \u00a0 Le Service Contr\u00f4le sur Place<\/strong><br \/>\nCe service a en charge :<\/li>\n<li>la d\u00e9tection des alertes \u00e0 travers les rapports produits par les SFD ;<\/li>\n<li>l\u2019\u00e9laboration de la mise en \u0153uvre du programme de mission de contr\u00f4le des SFD ;<\/li>\n<li>la validation des rapports de contr\u00f4le ;<\/li>\n<li>la r\u00e9daction des notes de synth\u00e8se des rapports de contr\u00f4le ;<\/li>\n<li>le suivi et la mise en \u0153uvre des recommandations des missions de contr\u00f4le.<\/li>\n<\/ul>\n<p>Par ailleurs, la DSFD assure le secr\u00e9tariat de la Commission Nationale pour la Microfinance (CNM). \u00c0 ce titre, elle est charg\u00e9e des t\u00e2ches suivantes :<\/p>\n<ul>\n<li>la proposition de l\u2019ordre du jour des sessions de la CNM ;<\/li>\n<li>la r\u00e9daction des projets de convocation des commissaires aux sessions de la CNM ;<\/li>\n<li>le suivi de la production et la validation de tous les rapports et documents \u00e0 examiner par la CNM ;<\/li>\n<li>la constitution des dossiers relatifs aux sessions, leur reproduction et leur transmission aux Commissaires de la CNM ;<\/li>\n<li>le suivi de la r\u00e9daction et de la validation des comptes rendus des sessions de la CNM ;<\/li>\n<li>l\u2019\u00e9laboration et le suivi de la matrice de mise en \u0153uvre des diligences issues des sessions de la CNM ;<\/li>\n<li>l\u2019\u00e9laboration des projets de d\u00e9cision et de courrier \u00e0 la signature du Pr\u00e9sident de la CNM ;<\/li>\n<li>le suivi de la transmission des courriers sign\u00e9s par le Pr\u00e9sident de la CNM aux destinataires ;<\/li>\n<li>le suivi de l\u2019archivage de la documentation relative aux activit\u00e9s de la CNM.<\/li>\n<\/ul>\n<p><strong>\u00a0La Sous-Direction des \u00c9valuations et des Synth\u00e8ses (SDES)<\/strong><\/p>\n<p>La SDES a pour mission principale de traiter les informations statistiques, de recueillir les \u00e9tats financiers et autres rapports p\u00e9riodiques et de coordonner la r\u00e9daction des rapports \u00e0 l\u2019attention de la BCEAO et de tous autres documents.<br \/>\nElle regroupe trois (3) services :<br \/>\n<strong>\u00a0 \u00a0 \u00a0\u2022\u00a0\u00a0 \u00a0Le Service Statistiques<\/strong><br \/>\nCe service a en charge :<\/p>\n<ul>\n<li>la r\u00e9ception et la v\u00e9rification des \u00e9tats financiers annuels et des principaux indicateurs p\u00e9riodiques (mensuels et trimestriels) des syst\u00e8mes financiers d\u00e9centralis\u00e9s (SFD) du secteur de la microfinance ;<\/li>\n<li>l\u2019actualisation de la base de donn\u00e9es des\u00a0 SFD ;<\/li>\n<li>la production des donn\u00e9es consolid\u00e9es du secteur ;<\/li>\n<li>le traitement de toutes les requ\u00eates d\u2019informations sur le secteur.<\/li>\n<li><strong> \u00a0Le Service \u00c9valuations et Cotations<\/strong><br \/>\nCe service se charge de :<\/li>\n<li>l\u2019\u00e9laboration d\u2019une m\u00e9thodologie d\u2019\u00e9valuation des performances des SFD conform\u00e9ment aux instructions de la BCEAO ;<\/li>\n<li>calculer des scores de performance des SFD et leur classification ;<\/li>\n<li>la production de rapport de classification p\u00e9riodique.<\/li>\n<li><strong> \u00a0Le Service Synth\u00e8se et Publications<\/strong><br \/>\nIl s\u2019occupe de :<\/li>\n<li>la collecte et la synth\u00e8se des informations relatives aux activit\u00e9s de la DSFD ;<\/li>\n<li>l\u2019application des p\u00e9nalit\u00e9s en cas de retard ou de non transmission dans les d\u00e9lais des rapports et informations \u00e0 la tutelle ;<\/li>\n<li>la r\u00e9daction des rapports d\u2019activit\u00e9s p\u00e9riodiques de la structure : rapport d\u2019activit\u00e9s trimestriel, note trimestrielle sur la situation du secteur, rapport annuel de la surveillance du secteur, rapport annuel de la CNM ;<\/li>\n<li>la production de notes d\u2019analyse et de synth\u00e8ses sur le secteur de la microfinance ;<\/li>\n<li>l\u2019\u00e9laboration et le suivi des plans d\u2019actions et de formation de la DSFD.<\/li>\n<\/ul>\n<p>Toutefois, il faut pr\u00e9ciser qu\u2019il existe six services directement rattach\u00e9s \u00e0 la direction, ce sont :<\/p>\n<ul>\n<li>le Service Secr\u00e9tariat ;<\/li>\n<li>le Service Courrier ;<\/li>\n<li>le Service Archives ;<\/li>\n<li>le Service Qualit\u00e9 et Contr\u00f4le Interne ;<\/li>\n<li>le Service Ressource Humaines et Mat\u00e9riel ;<\/li>\n<li>le Service Suivi des Recommandations de la Commission Nationale pour la Microfinance (CNM).<\/li>\n<\/ul>\n","protected":false},"excerpt":{"rendered":"<p>La Sous-Direction des Agr\u00e9ments (SDA) La SDA est la porte d\u2019entr\u00e9e du secteur, elle est charg\u00e9e de d\u00e9livrer des agr\u00e9ments \u00e0 toute entit\u00e9 souhaitant exercer une activit\u00e9 de microfinance conforme \u00e0 la r\u00e9glementation, de veiller au respect de ces autorisations et enfin de retirer ces agr\u00e9ments d\u00e8s lors que l\u2019institution n\u2019est plus viable. Elle comprend&#8230;<\/p>\n","protected":false},"author":2,"featured_media":0,"parent":0,"menu_order":0,"comment_status":"closed","ping_status":"closed","template":"","meta":{"footnotes":""},"class_list":["post-174","page","type-page","status-publish","hentry"],"_links":{"self":[{"href":"https:\/\/microfinance.tresor.gouv.ci\/micro\/wp-json\/wp\/v2\/pages\/174","targetHints":{"allow":["GET"]}}],"collection":[{"href":"https:\/\/microfinance.tresor.gouv.ci\/micro\/wp-json\/wp\/v2\/pages"}],"about":[{"href":"https:\/\/microfinance.tresor.gouv.ci\/micro\/wp-json\/wp\/v2\/types\/page"}],"author":[{"embeddable":true,"href":"https:\/\/microfinance.tresor.gouv.ci\/micro\/wp-json\/wp\/v2\/users\/2"}],"replies":[{"embeddable":true,"href":"https:\/\/microfinance.tresor.gouv.ci\/micro\/wp-json\/wp\/v2\/comments?post=174"}],"version-history":[{"count":11,"href":"https:\/\/microfinance.tresor.gouv.ci\/micro\/wp-json\/wp\/v2\/pages\/174\/revisions"}],"predecessor-version":[{"id":1479,"href":"https:\/\/microfinance.tresor.gouv.ci\/micro\/wp-json\/wp\/v2\/pages\/174\/revisions\/1479"}],"wp:attachment":[{"href":"https:\/\/microfinance.tresor.gouv.ci\/micro\/wp-json\/wp\/v2\/media?parent=174"}],"curies":[{"name":"wp","href":"https:\/\/api.w.org\/{rel}","templated":true}]}}