{"id":162,"date":"2018-05-24T15:04:41","date_gmt":"2018-05-24T13:04:41","guid":{"rendered":"http:\/\/microfinance.tresor.gouv.ci\/micro\/?page_id=162"},"modified":"2024-01-25T13:54:00","modified_gmt":"2024-01-25T12:54:00","slug":"missions-et-attributions","status":"publish","type":"page","link":"https:\/\/microfinance.tresor.gouv.ci\/micro\/missions-et-attributions\/","title":{"rendered":"Missions et Attributions"},"content":{"rendered":"<p>La Direction G\u00e9n\u00e9rale du Tr\u00e9sor et de la Comptabilit\u00e9 Publique (DGTCP) assure, pour le compte du Ministre en charge des Finances, la tutelle du secteur de la Microfinance. La DGTCP a cr\u00e9\u00e9 en son sein une direction centrale d\u00e9nomm\u00e9e \u00ab Direction de la Microfinance \u00bb qui est la structure technique charg\u00e9e de l\u2019ex\u00e9cution de cette mission. Les attributions de cette direction ont \u00e9t\u00e9 modifi\u00e9es par l\u2019arr\u00eat\u00e9 n\u00b0 4040\/MEF\/DGTCP\/DEMO du 09 f\u00e9vrier 2017, portant organisation de la Direction de la R\u00e9glementation et de la Surveillance des Syst\u00e8mes Financiers D\u00e9centralis\u00e9s puis par l\u2019arr\u00eat\u00e9 244\/MEF\/DGTCP\/DEMO du 17 mai 2023, portant organisation de la Direction des Syst\u00e8mes Financiers D\u00e9centralis\u00e9s.<\/p>\n<p>Selon l\u2019arr\u00eat\u00e9, la DSFD est charg\u00e9e :<\/p>\n<ul>\n<li>de l\u2019instruction des dossiers de demande d\u2019autorisation d\u2019Exercer en qualit\u00e9 de syst\u00e8me financier d\u00e9centralis\u00e9 (SFD) ;<\/li>\n<li>de l\u2019instruction des dossiers de fusion, de scission et de retrait d\u2019agr\u00e9ment syst\u00e8me financier d\u00e9centralis\u00e9 ;<\/li>\n<li>de l\u2019instruction des demandes d\u2019autorisation de financer des activit\u00e9s autres que la collecte de l\u2019\u00e9pargne et de la distribution du cr\u00e9dit ;<\/li>\n<li>des contr\u00f4les n\u00e9cessaires \u00e0 la garantie de la bonne gestion des syst\u00e8mes financiers d\u00e9centralis\u00e9s.<\/li>\n<\/ul>\n<p>Pour mener \u00e0 bien ces diff\u00e9rentes missions, la DSFD s\u2019organise autour de trois (3) Sous-Directions :<\/p>\n<ul>\n<li>la Sous-Direction des Agr\u00e9ments (SDA) ;<\/li>\n<li>la Sous-Direction de la Surveillance de la Gestion (SDSG) ;<\/li>\n<li>la Sous-Direction des \u00c9valuations et Synth\u00e8ses (SDES).<\/li>\n<\/ul>\n","protected":false},"excerpt":{"rendered":"<p>La Direction G\u00e9n\u00e9rale du Tr\u00e9sor et de la Comptabilit\u00e9 Publique (DGTCP) assure, pour le compte du Ministre en charge des Finances, la tutelle du secteur de la Microfinance. La DGTCP a cr\u00e9\u00e9 en son sein une direction centrale d\u00e9nomm\u00e9e \u00ab Direction de la Microfinance \u00bb qui est la structure technique charg\u00e9e de l\u2019ex\u00e9cution de cette&#8230;<\/p>\n","protected":false},"author":2,"featured_media":0,"parent":0,"menu_order":0,"comment_status":"closed","ping_status":"closed","template":"","meta":{"footnotes":""},"class_list":["post-162","page","type-page","status-publish","hentry"],"_links":{"self":[{"href":"https:\/\/microfinance.tresor.gouv.ci\/micro\/wp-json\/wp\/v2\/pages\/162","targetHints":{"allow":["GET"]}}],"collection":[{"href":"https:\/\/microfinance.tresor.gouv.ci\/micro\/wp-json\/wp\/v2\/pages"}],"about":[{"href":"https:\/\/microfinance.tresor.gouv.ci\/micro\/wp-json\/wp\/v2\/types\/page"}],"author":[{"embeddable":true,"href":"https:\/\/microfinance.tresor.gouv.ci\/micro\/wp-json\/wp\/v2\/users\/2"}],"replies":[{"embeddable":true,"href":"https:\/\/microfinance.tresor.gouv.ci\/micro\/wp-json\/wp\/v2\/comments?post=162"}],"version-history":[{"count":14,"href":"https:\/\/microfinance.tresor.gouv.ci\/micro\/wp-json\/wp\/v2\/pages\/162\/revisions"}],"predecessor-version":[{"id":1473,"href":"https:\/\/microfinance.tresor.gouv.ci\/micro\/wp-json\/wp\/v2\/pages\/162\/revisions\/1473"}],"wp:attachment":[{"href":"https:\/\/microfinance.tresor.gouv.ci\/micro\/wp-json\/wp\/v2\/media?parent=162"}],"curies":[{"name":"wp","href":"https:\/\/api.w.org\/{rel}","templated":true}]}}